{"id":122,"date":"2024-11-21T13:04:43","date_gmt":"2024-11-21T12:04:43","guid":{"rendered":"https:\/\/www.rydwanplock.pl\/?page_id=122"},"modified":"2025-09-18T19:27:10","modified_gmt":"2025-09-18T17:27:10","slug":"witamy-na-naszej-klubowej-stronie","status":"publish","type":"page","link":"https:\/\/www.rydwanplock.pl\/","title":{"rendered":"Witamy na naszej klubowej stronie"},"content":{"rendered":"\t\t<div data-elementor-type=\"wp-page\" data-elementor-id=\"122\" class=\"elementor elementor-122\">\n\t\t\t\t<div class=\"elementor-element elementor-element-930ca5b e-flex e-con-boxed e-con e-parent\" data-id=\"930ca5b\" data-element_type=\"container\">\n\t\t\t\t\t<div class=\"e-con-inner\">\n\t\t\t\t<div class=\"elementor-element elementor-element-1045a103 elementor-widget__width-initial elementor-invisible elementor-widget elementor-widget-text-editor\" data-id=\"1045a103\" data-element_type=\"widget\" data-settings=\"{&quot;_animation&quot;:&quot;fadeInUp&quot;}\" data-widget_type=\"text-editor.default\">\n\t\t\t\t<div class=\"elementor-widget-container\">\n\t\t\t\t\t\t\t\t\t<div class=\"wp-block-columns emart-promotional-content\">\n<p><\/p>\n<div class=\"wp-block-column is-layout-flow wp-block-column-is-layout-flow\" style=\"flex-basis: 66.66%;\">\n<p><\/p>\n<div class=\"wp-block-columns is-layout-flex wp-container-core-columns-is-layout-9d6595d7 wp-block-columns-is-layout-flex\">\n<p><\/p>\n<p class=\"is-layout-flow wp-block-column-is-layout-flow\"><\/p>\n<h2 class=\"wp-block-column wp-block-heading\" style=\"text-align: center;\"><strong><span style=\"color: #ff0000;\"><a style=\"color: #ff0000;\" href=\"https:\/\/www.rydwanplock.pl\/?page_id=210\">Do\u0142\u0105cz do nas!<\/a><\/span><\/strong><\/h2>\n<p><\/p>\n<p style=\"text-align: center;\"><\/p>\n<div class=\"wp-block-column is-layout-flow wp-block-column-is-layout-flow\" style=\"text-align: center;\">\n<p><\/p>\n<p class=\"has-text-align-center\">Do\u0142\u0105czaj\u0105c do nas poczujesz wiatr i wolno\u015b\u0107!<\/p>\n<p class=\"has-text-align-center\">Marzysz o przygodach na dw\u00f3ch ko\u0142ach?<\/p>\n<p class=\"has-text-align-center\">Jeste\u015b cz\u0119\u015bci\u0105 spo\u0142eczno\u015bci, kt\u00f3ra dzieli Twoj\u0105 pasj\u0119 do motocykli?<\/p>\n<p class=\"has-text-align-center\">Klub Motocyklowy RYDWAN P\u0142ock to miejsce dla ludzi takich jak Ty!<\/p>\n<p class=\"has-text-align-center\">Dlaczego warto do nas do\u0142\u0105czy\u0107?<\/p>\n<p class=\"has-text-align-center\">\ud83c\udfcd **Wsp\u00f3lne wyjazdy** \u2013 odkrywaj z nami najpi\u0119kniejsze trasy i miejsca, kt\u00f3re zapieraj\u0105 dech w piersiach.<\/p>\n<p class=\"has-text-align-center\">\ud83c\udfcd **Nowe znajomo\u015bci** \u2013 poznaj ludzi, kt\u00f3rzy podzielaj\u0105 Twoj\u0105 pasj\u0119 i tworz\u0105 zgrane towarzystwo.<\/p>\n<p class=\"has-text-align-center\">\ud83c\udfcd **Szkolenia i warsztaty** \u2013 podnie\u015b swoje umiej\u0119tno\u015bci, ucz si\u0119 z najlepszymi i poznaj techniki jazdy, kt\u00f3re zwi\u0119ksz\u0105 Twoje bezpiecze\u0144stwo.<\/p>\n<p class=\"has-text-align-center\">\ud83c\udfcd **Niepowtarzalna atmosfera** \u2013 wsp\u00f3lne miejsca, imprezy. Niewa\u017cne, czy jeste\u015b nowicjuszem, czy do\u015bwiadczonym motocyklist\u0105 \u2013 u nas ka\u017cdy znajdzie swoje miejsce.<\/p>\n<p class=\"has-text-align-center\"><a href=\"https:\/\/www.rydwanplock.pl\/?page_id=210\">Zarejestruj si\u0119<\/a> ju\u017c dzi\u015b i zosta\u0144 cz\u0119\u015bci\u0105 naszej motocyklowej rodziny!<\/p>\n<p><\/p>\n<\/div>\n<p style=\"text-align: center;\"><\/p>\n<\/div>\n<p style=\"text-align: center;\"><\/p>\n<figure class=\"wp-block-image size-full is-resized wp-image-1910\"><img fetchpriority=\"high\" decoding=\"async\" class=\"wp-image-131 size-full alignright\" style=\"width: 357px; height: auto;\" src=\"https:\/\/www.rydwanplock.pl\/wp-content\/uploads\/2024\/11\/358545732_242162885242526_4353822390190388347_n.jpg\" alt=\"\" width=\"2048\" height=\"1536\" srcset=\"https:\/\/www.rydwanplock.pl\/wp-content\/uploads\/2024\/11\/358545732_242162885242526_4353822390190388347_n.jpg 2048w, https:\/\/www.rydwanplock.pl\/wp-content\/uploads\/2024\/11\/358545732_242162885242526_4353822390190388347_n-300x225.jpg 300w, https:\/\/www.rydwanplock.pl\/wp-content\/uploads\/2024\/11\/358545732_242162885242526_4353822390190388347_n-1024x768.jpg 1024w, https:\/\/www.rydwanplock.pl\/wp-content\/uploads\/2024\/11\/358545732_242162885242526_4353822390190388347_n-768x576.jpg 768w, https:\/\/www.rydwanplock.pl\/wp-content\/uploads\/2024\/11\/358545732_242162885242526_4353822390190388347_n-1536x1152.jpg 1536w\" sizes=\"(max-width: 2048px) 100vw, 2048px\" \/><\/figure>\n<\/div>\n<\/div>\n<p><\/p>\t\t\t\t\t\t\t\t<\/div>\n\t\t\t\t<\/div>\n\t\t\t\t\t<\/div>\n\t\t\t\t<\/div>\n\t\t\t\t<\/div>\n\t\t","protected":false},"excerpt":{"rendered":"<p>Do\u0142\u0105cz do nas! Do\u0142\u0105czaj\u0105c do nas poczujesz wiatr i wolno\u015b\u0107! Marzysz o przygodach na dw\u00f3ch ko\u0142ach? Jeste\u015b cz\u0119\u015bci\u0105 spo\u0142eczno\u015bci, kt\u00f3ra dzieli Twoj\u0105 pasj\u0119 do motocykli? Klub Motocyklowy RYDWAN P\u0142ock to miejsce dla ludzi takich jak Ty! Dlaczego warto do nas do\u0142\u0105czy\u0107? \ud83c\udfcd **Wsp\u00f3lne wyjazdy** \u2013 odkrywaj z nami najpi\u0119kniejsze trasy i miejsca, kt\u00f3re zapieraj\u0105 dech<\/p>\n<div class=\"more-link\">\n\t\t\t\t <a href=\"https:\/\/www.rydwanplock.pl\/\" class=\"link-btn\"><span>Czytaj dalej <\/span> <i class=\"icofont-thin-double-right\"><\/i><\/a>\n\t\t\t<\/div>\n","protected":false},"author":1,"featured_media":0,"parent":0,"menu_order":0,"comment_status":"closed","ping_status":"closed","template":"","meta":{"footnotes":""},"class_list":["post-122","page","type-page","status-publish","hentry"],"_links":{"self":[{"href":"https:\/\/www.rydwanplock.pl\/index.php?rest_route=\/wp\/v2\/pages\/122","targetHints":{"allow":["GET"]}}],"collection":[{"href":"https:\/\/www.rydwanplock.pl\/index.php?rest_route=\/wp\/v2\/pages"}],"about":[{"href":"https:\/\/www.rydwanplock.pl\/index.php?rest_route=\/wp\/v2\/types\/page"}],"author":[{"embeddable":true,"href":"https:\/\/www.rydwanplock.pl\/index.php?rest_route=\/wp\/v2\/users\/1"}],"replies":[{"embeddable":true,"href":"https:\/\/www.rydwanplock.pl\/index.php?rest_route=%2Fwp%2Fv2%2Fcomments&post=122"}],"version-history":[{"count":59,"href":"https:\/\/www.rydwanplock.pl\/index.php?rest_route=\/wp\/v2\/pages\/122\/revisions"}],"predecessor-version":[{"id":388,"href":"https:\/\/www.rydwanplock.pl\/index.php?rest_route=\/wp\/v2\/pages\/122\/revisions\/388"}],"wp:attachment":[{"href":"https:\/\/www.rydwanplock.pl\/index.php?rest_route=%2Fwp%2Fv2%2Fmedia&parent=122"}],"curies":[{"name":"wp","href":"https:\/\/api.w.org\/{rel}","templated":true}]}}